{"id":52,"date":"2022-12-18T21:54:44","date_gmt":"2022-12-18T20:54:44","guid":{"rendered":"http:\/\/adoption-efa01.org\/?page_id=52"},"modified":"2023-01-15T18:32:56","modified_gmt":"2023-01-15T17:32:56","slug":"pour-qui","status":"publish","type":"page","link":"https:\/\/adoption-efa01.org\/index.php\/pour-qui\/","title":{"rendered":"Pour qui ?"},"content":{"rendered":"\n<p>Nous accueillons au sein de l&rsquo;association toute personne pouvant \u00eatre concern\u00e9e par l&rsquo;adoption  (simple int\u00e9r\u00eat pour l&rsquo;adoption, famille en d\u00e9but de parcours d&rsquo;agr\u00e9ment, postulants, parents adoptifs, adopt\u00e9s&#8230;)<\/p>\n\n\n\n<p><\/p>\n\n\n\n<p>Rejoignez-nous !<\/p>\n\n\n\n<p>Pour adh\u00e9rer <a href=\"https:\/\/adoption-efa01.org\/wp-content\/uploads\/2023\/01\/bull_adhesion_efa01_2022.pdf\" data-type=\"URL\" data-id=\"https:\/\/adoption-efa01.org\/wp-content\/uploads\/2023\/01\/bull_adhesion_efa01_2022.pdf\" target=\"_blank\" rel=\"noreferrer noopener\">https:\/\/adoption-efa01.org\/wp-content\/uploads\/2023\/01\/bull_adhesion_efa01_2022.pdf<\/a><\/p>\n","protected":false},"excerpt":{"rendered":"<p>Nous accueillons au sein de l&rsquo;association toute personne pouvant \u00eatre concern\u00e9e par l&rsquo;adoption (simple int\u00e9r\u00eat pour l&rsquo;adoption, famille en d\u00e9but de parcours [&hellip;]<\/p>\n","protected":false},"author":3,"featured_media":0,"parent":0,"menu_order":0,"comment_status":"closed","ping_status":"closed","template":"","meta":{"_monsterinsights_skip_tracking":false,"_monsterinsights_sitenote_active":false,"_monsterinsights_sitenote_note":"","_monsterinsights_sitenote_category":0,"footnotes":""},"class_list":["post-52","page","type-page","status-publish","hentry"],"_links":{"self":[{"href":"https:\/\/adoption-efa01.org\/index.php\/wp-json\/wp\/v2\/pages\/52","targetHints":{"allow":["GET"]}}],"collection":[{"href":"https:\/\/adoption-efa01.org\/index.php\/wp-json\/wp\/v2\/pages"}],"about":[{"href":"https:\/\/adoption-efa01.org\/index.php\/wp-json\/wp\/v2\/types\/page"}],"author":[{"embeddable":true,"href":"https:\/\/adoption-efa01.org\/index.php\/wp-json\/wp\/v2\/users\/3"}],"replies":[{"embeddable":true,"href":"https:\/\/adoption-efa01.org\/index.php\/wp-json\/wp\/v2\/comments?post=52"}],"version-history":[{"count":4,"href":"https:\/\/adoption-efa01.org\/index.php\/wp-json\/wp\/v2\/pages\/52\/revisions"}],"predecessor-version":[{"id":146,"href":"https:\/\/adoption-efa01.org\/index.php\/wp-json\/wp\/v2\/pages\/52\/revisions\/146"}],"wp:attachment":[{"href":"https:\/\/adoption-efa01.org\/index.php\/wp-json\/wp\/v2\/media?parent=52"}],"curies":[{"name":"wp","href":"https:\/\/api.w.org\/{rel}","templated":true}]}}