{"id":48,"date":"2022-12-18T21:54:44","date_gmt":"2022-12-18T20:54:44","guid":{"rendered":"http:\/\/adoption-efa01.org\/?page_id=48"},"modified":"2023-03-16T20:36:18","modified_gmt":"2023-03-16T19:36:18","slug":"qui-sommes-nous","status":"publish","type":"page","link":"https:\/\/adoption-efa01.org\/index.php\/qui-sommes-nous\/","title":{"rendered":"Qui sommes-nous ?"},"content":{"rendered":"\n<p>EFA01  est une association compos\u00e9e de b\u00e9n\u00e9voles qui anime l\u2019ensemble des actions et activit\u00e9s aff\u00e9rentes au parcours d\u2019adoption et qui compte en 2022, 37 adh\u00e9rents. Elle fait partie  des associations d\u00e9partementales de la f\u00e9d\u00e9ration EFA, association Loi 1901 cr\u00e9\u00e9e en 1953 qui est reconnue d\u2019utilit\u00e9 publique depuis 1984.<\/p>\n\n\n\n<p>Le CA est compos\u00e9 de parents adoptifs membres actifs et de postulants membres associ\u00e9s.<\/p>\n\n\n\n<p><strong>Nos objectifs&nbsp;<\/strong>\u200b<\/p>\n\n\n\n<ul class=\"wp-block-list\">\n<li>Accueillir les familles qui d\u00e9sirent adopter un enfant, en France ou \u00e0 l\u2019\u00e9tranger, en les informant, en les aidant \u00e0 clarifier leur projet et en les accompagnant tout au long  de leur parcours et des proc\u00e9dures en France et\/ou \u00e0 l\u2019\u00e9tranger.<\/li>\n\n\n\n<li>Organiser des rencontres entre familles adoptives, mais aussi avec des postulants et adopt\u00e9s afin que tous puissent  dialoguer, \u00e9changer leurs exp\u00e9riences et s\u2019entraider dans un climat de confiance.<\/li>\n\n\n\n<li>Participer aux rencontres avec les partenaires institutionnels et associatifs de l\u2019accompagnement \u00e0 la parentalit\u00e9, de la protection de l\u2019enfance et de l\u2019adoption (Des membres d&rsquo;EFA repr\u00e9sentent l&rsquo;association et participent mensuellement aux conseils de famille du d\u00e9partement<\/li>\n\n\n\n<li>T\u00e9moigner des r\u00e9alit\u00e9s de l\u2019adoption v\u00e9cue par les enfants et leurs familles.<\/li>\n<\/ul>\n\n\n\n<p><strong>L&rsquo;association EFA01 ne peut \u00eatre assimil\u00e9e \u00e0 une OAA.<\/strong><\/p>\n\n\n\n<p><strong> A aucun moment, l&rsquo;association ne confie des enfants \u00e0 adopter<\/strong><\/p>\n","protected":false},"excerpt":{"rendered":"<p>EFA01 est une association compos\u00e9e de b\u00e9n\u00e9voles qui anime l\u2019ensemble des actions et activit\u00e9s aff\u00e9rentes au parcours d\u2019adoption et qui compte en [&hellip;]<\/p>\n","protected":false},"author":3,"featured_media":0,"parent":0,"menu_order":0,"comment_status":"closed","ping_status":"closed","template":"","meta":{"_monsterinsights_skip_tracking":false,"_monsterinsights_sitenote_active":false,"_monsterinsights_sitenote_note":"","_monsterinsights_sitenote_category":0,"footnotes":""},"class_list":["post-48","page","type-page","status-publish","hentry"],"_links":{"self":[{"href":"https:\/\/adoption-efa01.org\/index.php\/wp-json\/wp\/v2\/pages\/48","targetHints":{"allow":["GET"]}}],"collection":[{"href":"https:\/\/adoption-efa01.org\/index.php\/wp-json\/wp\/v2\/pages"}],"about":[{"href":"https:\/\/adoption-efa01.org\/index.php\/wp-json\/wp\/v2\/types\/page"}],"author":[{"embeddable":true,"href":"https:\/\/adoption-efa01.org\/index.php\/wp-json\/wp\/v2\/users\/3"}],"replies":[{"embeddable":true,"href":"https:\/\/adoption-efa01.org\/index.php\/wp-json\/wp\/v2\/comments?post=48"}],"version-history":[{"count":5,"href":"https:\/\/adoption-efa01.org\/index.php\/wp-json\/wp\/v2\/pages\/48\/revisions"}],"predecessor-version":[{"id":212,"href":"https:\/\/adoption-efa01.org\/index.php\/wp-json\/wp\/v2\/pages\/48\/revisions\/212"}],"wp:attachment":[{"href":"https:\/\/adoption-efa01.org\/index.php\/wp-json\/wp\/v2\/media?parent=48"}],"curies":[{"name":"wp","href":"https:\/\/api.w.org\/{rel}","templated":true}]}}