{"id":237,"date":"2023-05-24T20:54:16","date_gmt":"2023-05-24T18:54:16","guid":{"rendered":"https:\/\/adoption-efa01.org\/?page_id=237"},"modified":"2023-05-24T20:57:42","modified_gmt":"2023-05-24T18:57:42","slug":"adoption-nationale","status":"publish","type":"page","link":"https:\/\/adoption-efa01.org\/index.php\/adoption-nationale\/","title":{"rendered":"Adoption nationale"},"content":{"rendered":"\n<p>Une mine d&rsquo;informations int\u00e9ressantes ! (derni\u00e8re mise \u00e0 jour par EFA national mai 2023)<\/p>\n\n\n\n<p> <a href=\"https:\/\/www.adoptionefa.org\/ladoption\/adopter-en-france\/adopter-en-france\/\">https:\/\/www.adoptionefa.org\/ladoption\/adopter-en-france\/adopter-en-france\/<\/a><\/p>\n","protected":false},"excerpt":{"rendered":"<p>Une mine d&rsquo;informations int\u00e9ressantes ! (derni\u00e8re mise \u00e0 jour par EFA national mai 2023) https:\/\/www.adoptionefa.org\/ladoption\/adopter-en-france\/adopter-en-france\/<\/p>\n","protected":false},"author":3,"featured_media":0,"parent":0,"menu_order":0,"comment_status":"closed","ping_status":"closed","template":"","meta":{"_monsterinsights_skip_tracking":false,"_monsterinsights_sitenote_active":false,"_monsterinsights_sitenote_note":"","_monsterinsights_sitenote_category":0,"footnotes":""},"class_list":["post-237","page","type-page","status-publish","hentry"],"_links":{"self":[{"href":"https:\/\/adoption-efa01.org\/index.php\/wp-json\/wp\/v2\/pages\/237","targetHints":{"allow":["GET"]}}],"collection":[{"href":"https:\/\/adoption-efa01.org\/index.php\/wp-json\/wp\/v2\/pages"}],"about":[{"href":"https:\/\/adoption-efa01.org\/index.php\/wp-json\/wp\/v2\/types\/page"}],"author":[{"embeddable":true,"href":"https:\/\/adoption-efa01.org\/index.php\/wp-json\/wp\/v2\/users\/3"}],"replies":[{"embeddable":true,"href":"https:\/\/adoption-efa01.org\/index.php\/wp-json\/wp\/v2\/comments?post=237"}],"version-history":[{"count":2,"href":"https:\/\/adoption-efa01.org\/index.php\/wp-json\/wp\/v2\/pages\/237\/revisions"}],"predecessor-version":[{"id":241,"href":"https:\/\/adoption-efa01.org\/index.php\/wp-json\/wp\/v2\/pages\/237\/revisions\/241"}],"wp:attachment":[{"href":"https:\/\/adoption-efa01.org\/index.php\/wp-json\/wp\/v2\/media?parent=237"}],"curies":[{"name":"wp","href":"https:\/\/api.w.org\/{rel}","templated":true}]}}