{"id":171,"date":"2023-01-19T16:51:27","date_gmt":"2023-01-19T15:51:27","guid":{"rendered":"https:\/\/adoption-efa01.org\/?page_id=171"},"modified":"2023-05-08T13:04:58","modified_gmt":"2023-05-08T11:04:58","slug":"accueil","status":"publish","type":"page","link":"https:\/\/adoption-efa01.org\/index.php\/accueil\/","title":{"rendered":"Revue Accueil"},"content":{"rendered":"\n<p><strong>Le num\u00e9ro 105 de la revue Accueil vient de paraitre !<\/strong><\/p>\n\n\n\n<p><\/p>\n\n\n\n<div class=\"wp-block-columns is-layout-flex wp-container-core-columns-is-layout-28f84493 wp-block-columns-is-layout-flex\">\n<div class=\"wp-block-column is-layout-flow wp-block-column-is-layout-flow\" style=\"flex-basis:100%\">\n<div class=\"wp-block-media-text alignwide is-stacked-on-mobile\"><figure class=\"wp-block-media-text__media\"><img loading=\"lazy\" decoding=\"async\" width=\"642\" height=\"817\" src=\"https:\/\/adoption-efa01.org\/wp-content\/uploads\/2023\/01\/image.png\" alt=\"\" class=\"wp-image-168 size-full\" srcset=\"https:\/\/adoption-efa01.org\/wp-content\/uploads\/2023\/01\/image.png 642w, https:\/\/adoption-efa01.org\/wp-content\/uploads\/2023\/01\/image-236x300.png 236w, https:\/\/adoption-efa01.org\/wp-content\/uploads\/2023\/01\/image-230x293.png 230w, https:\/\/adoption-efa01.org\/wp-content\/uploads\/2023\/01\/image-350x445.png 350w, https:\/\/adoption-efa01.org\/wp-content\/uploads\/2023\/01\/image-480x611.png 480w\" sizes=\"auto, (max-width: 642px) 100vw, 642px\" \/><\/figure><div class=\"wp-block-media-text__content\">\n<p>Le th\u00e8me de ce trimestre les Origines : <\/p>\n\n\n\n<p>Savoir de qui l\u2019on est n\u00e9, qui nous a donn\u00e9 la vie et pourquoi on a \u00e9t\u00e9 adopt\u00e9 sont des interrogations au c\u0153ur des pr\u00e9occupations des personnes adopt\u00e9es. Les r\u00e9centes \u00e9volutions \u00ab soci\u00e9tales \u00bb et num\u00e9riques ont entra\u00een\u00e9 des changements (voire des bouleversements) qui ont un retentissement sur la qu\u00eate ou la recherche d\u2019une famille de naissance : multiplication des tests ADN, r\u00e9seaux sociaux qui bousculent les recherches\u2026 Dans ce contexte, les notions d\u2019origines et de recherches ont pris une ampleur et des contours nouveaux, et recouvrent des r\u00e9alit\u00e9s h\u00e9t\u00e9rog\u00e8nes.<\/p>\n\n\n\n<p>Entretien tr\u00e8s int\u00e9ressant avec Bertrand Uzeel, adopt\u00e9, Fondateur de Welcome to the Jungle et com\u00e9dien qui cartonne avec son spectacle \u00ab&nbsp;Adopte-moi si tu peux<\/p>\n\n\n\n<p><\/p>\n\n\n\n<p><\/p>\n<\/div><\/div>\n<\/div>\n<\/div>\n\n\n\n<p>Pour rappel, vous avez la possibilit\u00e9 de souscrire \u00e0 l&rsquo;abonnement Accueil en m\u00eame temps que votre agr\u00e9ment.<\/p>\n\n\n\n<p>Vous pouvez \u00e9galement acheter en ligne les num\u00e9ros Accueil qui vous interessent <\/p>\n\n\n\n<p><a href=\"https:\/\/www.adoptionefa.org\/shop\/\">https:\/\/www.adoptionefa.org\/shop\/<\/a><\/p>\n","protected":false},"excerpt":{"rendered":"<p>Le num\u00e9ro 105 de la revue Accueil vient de paraitre ! Le th\u00e8me de ce trimestre les Origines : Savoir de qui [&hellip;]<\/p>\n","protected":false},"author":3,"featured_media":0,"parent":0,"menu_order":0,"comment_status":"closed","ping_status":"closed","template":"","meta":{"_monsterinsights_skip_tracking":false,"_monsterinsights_sitenote_active":false,"_monsterinsights_sitenote_note":"","_monsterinsights_sitenote_category":0,"footnotes":""},"class_list":["post-171","page","type-page","status-publish","hentry"],"_links":{"self":[{"href":"https:\/\/adoption-efa01.org\/index.php\/wp-json\/wp\/v2\/pages\/171","targetHints":{"allow":["GET"]}}],"collection":[{"href":"https:\/\/adoption-efa01.org\/index.php\/wp-json\/wp\/v2\/pages"}],"about":[{"href":"https:\/\/adoption-efa01.org\/index.php\/wp-json\/wp\/v2\/types\/page"}],"author":[{"embeddable":true,"href":"https:\/\/adoption-efa01.org\/index.php\/wp-json\/wp\/v2\/users\/3"}],"replies":[{"embeddable":true,"href":"https:\/\/adoption-efa01.org\/index.php\/wp-json\/wp\/v2\/comments?post=171"}],"version-history":[{"count":4,"href":"https:\/\/adoption-efa01.org\/index.php\/wp-json\/wp\/v2\/pages\/171\/revisions"}],"predecessor-version":[{"id":235,"href":"https:\/\/adoption-efa01.org\/index.php\/wp-json\/wp\/v2\/pages\/171\/revisions\/235"}],"wp:attachment":[{"href":"https:\/\/adoption-efa01.org\/index.php\/wp-json\/wp\/v2\/media?parent=171"}],"curies":[{"name":"wp","href":"https:\/\/api.w.org\/{rel}","templated":true}]}}